{"id":11943,"date":"2023-05-17T10:07:37","date_gmt":"2023-05-17T08:07:37","guid":{"rendered":"http:\/\/xdf.gdu.edu.az\/?page_id=11943"},"modified":"2025-01-08T11:27:08","modified_gmt":"2025-01-08T09:27:08","slug":"quliyeva-ism%c9%99t-n%c9%99riman-qizi","status":"publish","type":"page","link":"http:\/\/xdf.gdu.edu.az\/?page_id=11943","title":{"rendered":"Quliyeva \u0130sm\u0259t N\u0259riman q\u0131z\u0131"},"content":{"rendered":"<div class=\"wp-block-image\">\n<figure class=\"aligncenter size-large is-resized\"><img loading=\"lazy\" decoding=\"async\" width=\"315\" height=\"412\" src=\"http:\/\/xdf.gdu.edu.az\/wp-content\/uploads\/2023\/05\/isi.jpg\" alt=\"\" class=\"wp-image-11899\" style=\"width:239px;height:312px\"\/><\/figure>\n<\/div>\n\n\n<p>G\u0259nc\u0259 D\u00f6vl\u0259t Universitetinin <strong>\u201c<\/strong>Qrammatika v\u0259 ingilis dilinin t\u0259drisi<strong>\u201d<\/strong> kafedras\u0131n\u0131n ba\u015f laborant\u0131 Quliyeva\n\u0130sm\u0259t N\u0259riman q\u0131z\u0131.<\/p>\n\n\n\n<p><strong>QISA B\u0130OQRAF\u0130K M\u018fLUMAT<\/strong><\/p>\n\n\n\n<p>16 aprel 1966-c\u0131 ild\u0259 G\u0259nc\u0259 \u015e\u0259h\u0259rind\u0259\nanadan olmu\u015fdur. <\/p>\n\n\n\n<p>Ail\u0259lidi (t\u0259k ail\u0259 ba\u015f\u00e7\u0131s\u0131) 2 \u00f6vlad\u0131 var. 2009-cu ild\u0259n YAP-\u0131n \u00fczv\u00fcd\u00fcr.<\/p>\n\n\n\n<p><strong>Telefon:\n055-624-44-32<\/strong><\/p>\n\n\n\n<p><strong>E-mail:\n<\/strong><a href=\"mailto:quliyevaismet3@gmail.com\">quliyevaismet3@gmail.com<\/a><strong>\n<\/strong><\/p>\n\n\n\n<p><strong>T\u018fHS\u0130L\u0130<\/strong><\/p>\n\n\n\n<p>1999-2003c\u00fc ild\u0259 Az\u0259rbaycan M\u00fc\u0259lliml\u0259r\n\u0130nstitutunun (G\u0259nc\u0259 filal\u0131)-\u0130btidai t\u0259hsilin pedaqogika v\u0259 metodikas\u0131\nixtisas\u0131n\u0131 bitirmi\u015fdir.<\/p>\n\n\n\n<p>2003-c\u00fc ild\u0259n G\u0259nc\u0259 D\u00f6vl\u0259t Universitetinin Xarici dill\u0259r\nfak\u00fclt\u0259sinin, \u201cQrammatika v\u0259 ingilis dilinin t\u0259drisi\u201d kafedras\u0131nda ba\u015f laborant\nv\u0259zif\u0259sind\u0259 \u00e7al\u0131\u015f\u0131r.<strong><\/strong><\/p>\n\n\n\n<p><strong>Dil bilgisi<\/strong>: Az\u0259rbaycan dili, Rus dili, T\u00fcrk dili, <\/p>\n","protected":false},"excerpt":{"rendered":"<p>G\u0259nc\u0259 D\u00f6vl\u0259t Universitetinin \u201cQrammatika v\u0259 ingilis dilinin t\u0259drisi\u201d kafedras\u0131n\u0131n ba\u015f laborant\u0131 Quliyeva \u0130sm\u0259t N\u0259riman q\u0131z\u0131. QISA B\u0130OQRAF\u0130K M\u018fLUMAT 16 aprel 1966-c\u0131 ild\u0259 G\u0259nc\u0259 \u015e\u0259h\u0259rind\u0259 anadan olmu\u015fdur. Ail\u0259lidi (t\u0259k ail\u0259 ba\u015f\u00e7\u0131s\u0131) 2 \u00f6vlad\u0131 var. 2009-cu ild\u0259n YAP-\u0131n \u00fczv\u00fcd\u00fcr. Telefon: 055-624-44-32 E-mail: quliyevaismet3@gmail.com T\u018fHS\u0130L\u0130 1999-2003c\u00fc ild\u0259 Az\u0259rbaycan M\u00fc\u0259lliml\u0259r \u0130nstitutunun (G\u0259nc\u0259 filal\u0131)-\u0130btidai t\u0259hsilin pedaqogika v\u0259 metodikas\u0131 ixtisas\u0131n\u0131 bitirmi\u015fdir. [&hellip;]<\/p>\n","protected":false},"author":4,"featured_media":0,"parent":0,"menu_order":0,"comment_status":"closed","ping_status":"closed","template":"","meta":{"footnotes":""},"categories":[],"tags":[],"class_list":["post-11943","page","type-page","status-publish","hentry"],"_links":{"self":[{"href":"http:\/\/xdf.gdu.edu.az\/index.php?rest_route=\/wp\/v2\/pages\/11943","targetHints":{"allow":["GET"]}}],"collection":[{"href":"http:\/\/xdf.gdu.edu.az\/index.php?rest_route=\/wp\/v2\/pages"}],"about":[{"href":"http:\/\/xdf.gdu.edu.az\/index.php?rest_route=\/wp\/v2\/types\/page"}],"author":[{"embeddable":true,"href":"http:\/\/xdf.gdu.edu.az\/index.php?rest_route=\/wp\/v2\/users\/4"}],"replies":[{"embeddable":true,"href":"http:\/\/xdf.gdu.edu.az\/index.php?rest_route=%2Fwp%2Fv2%2Fcomments&post=11943"}],"version-history":[{"count":3,"href":"http:\/\/xdf.gdu.edu.az\/index.php?rest_route=\/wp\/v2\/pages\/11943\/revisions"}],"predecessor-version":[{"id":15711,"href":"http:\/\/xdf.gdu.edu.az\/index.php?rest_route=\/wp\/v2\/pages\/11943\/revisions\/15711"}],"wp:attachment":[{"href":"http:\/\/xdf.gdu.edu.az\/index.php?rest_route=%2Fwp%2Fv2%2Fmedia&parent=11943"}],"wp:term":[{"taxonomy":"category","embeddable":true,"href":"http:\/\/xdf.gdu.edu.az\/index.php?rest_route=%2Fwp%2Fv2%2Fcategories&post=11943"},{"taxonomy":"post_tag","embeddable":true,"href":"http:\/\/xdf.gdu.edu.az\/index.php?rest_route=%2Fwp%2Fv2%2Ftags&post=11943"}],"curies":[{"name":"wp","href":"https:\/\/api.w.org\/{rel}","templated":true}]}}