{"id":11830,"date":"2023-05-15T11:37:46","date_gmt":"2023-05-15T09:37:46","guid":{"rendered":"http:\/\/xdf.gdu.edu.az\/?page_id=11830"},"modified":"2023-05-15T11:37:46","modified_gmt":"2023-05-15T09:37:46","slug":"b%c9%99hramli-turkan-nur%c9%99ddin-qizi","status":"publish","type":"page","link":"http:\/\/xdf.gdu.edu.az\/?page_id=11830","title":{"rendered":"B\u0259hraml\u0131 T\u00fcrkan N\u00fcr\u0259ddin q\u0131z\u0131"},"content":{"rendered":"\n<div class=\"wp-block-image\"><figure class=\"aligncenter size-large is-resized\"><img loading=\"lazy\" decoding=\"async\" src=\"http:\/\/xdf.gdu.edu.az\/wp-content\/uploads\/2023\/05\/labor.B\u0259hraml\u0131-T\u00fcrkan-n\u00fcr\u0259ddin-q\u0131z\u0131.jpg\" alt=\"\" class=\"wp-image-11831\" width=\"202\" height=\"279\"\/><\/figure><\/div>\n\n\n\n<p><strong>Leksika\nv\u0259 \u00f6lk\u0259\u015f\u00fcnasl\u0131q kafedras\u0131n\u0131n laborant\u0131<\/strong><\/p>\n\n\n\n<p><strong>B\u0259hraml\u0131\nT\u00fcrkan N\u00fcr\u0259ddin q\u0131z\u0131<\/strong><\/p>\n\n\n\n<ul class=\"wp-block-list\"><li><strong>Telefon<\/strong>: 055-700-46-26<\/li><\/ul>\n\n\n\n<p><strong>E-\nmail<\/strong>:&nbsp;&nbsp;\nturkan.bhramli@mail.ru<\/p>\n\n\n\n<p><strong>Q\u0131sa bioqrafik m\u0259lumat<\/strong><\/p>\n\n\n\n<p>1988-ci ild\u0259\n\u015e\u0259mkir \u015f\u0259h\u0259rind\u0259 anadan olmu\u015fdur. Ail\u0259lidir, 3 \u00f6vlad\u0131 var. <\/p>\n\n\n\n<p><strong>T\u0259hsili<\/strong><\/p>\n\n\n\n<p>2005-ci ild\u0259\n\u015e\u0259mkir \u015f\u0259h\u0259ri Fizulu ad\u0131na orta m\u0259kt\u0259bi bitirmi\u015fdir. 2005-2010-cu ill\u0259rd\u0259 G\u0259nc\u0259\nD\u00f6vl\u0259t Universitetinin ingilis-dili m\u00fc\u0259llimliyi ixtisas\u0131n\u0131 bitirmi\u015fdir.<\/p>\n\n\n\n<p><strong>\u018fm\u0259k f\u0259aliyy\u0259ti<\/strong><\/p>\n\n\n\n<p>G\u0259nc\u0259 D\u00f6vl\u0259t\nUniversitetinin 05.11.12-ci il tarixli, 1\/371 sayl\u0131 \u0259mr\u0259 \u0259sas\u0259n \u201cLeksika v\u0259 \u00f6lk\u0259\u015f\u00fcnasl\u0131q\u201d\nkafedras\u0131nda&nbsp; laborant v\u0259zif\u0259sin\u0259\nse\u00e7ilmi\u015fdir. Hal-haz\u0131ra q\u0259d\u0259r \u201cLeksika v\u0259 \u00f6lk\u0259\u015f\u00fcnasl\u0131q\u201d kafedras\u0131nda laborant v\u0259zif\u0259sind\u0259\n\u00e7al\u0131\u015f\u0131r.<\/p>\n\n\n\n<p><strong>Partiyal\u0131l\u0131\u011f\u0131<\/strong><\/p>\n\n\n\n<p>2012-ci ild\u0259n\nYAP-n \u00fczv\u00fcd\u00fcr.<strong><\/strong><\/p>\n","protected":false},"excerpt":{"rendered":"<p>Leksika v\u0259 \u00f6lk\u0259\u015f\u00fcnasl\u0131q kafedras\u0131n\u0131n laborant\u0131 B\u0259hraml\u0131 T\u00fcrkan N\u00fcr\u0259ddin q\u0131z\u0131 Telefon: 055-700-46-26 E- mail:&nbsp;&nbsp; turkan.bhramli@mail.ru Q\u0131sa bioqrafik m\u0259lumat 1988-ci ild\u0259 \u015e\u0259mkir \u015f\u0259h\u0259rind\u0259 anadan olmu\u015fdur. Ail\u0259lidir, 3 \u00f6vlad\u0131 var. T\u0259hsili 2005-ci ild\u0259 \u015e\u0259mkir \u015f\u0259h\u0259ri Fizulu ad\u0131na orta m\u0259kt\u0259bi bitirmi\u015fdir. 2005-2010-cu ill\u0259rd\u0259 G\u0259nc\u0259 D\u00f6vl\u0259t Universitetinin ingilis-dili m\u00fc\u0259llimliyi ixtisas\u0131n\u0131 bitirmi\u015fdir. \u018fm\u0259k f\u0259aliyy\u0259ti G\u0259nc\u0259 D\u00f6vl\u0259t Universitetinin 05.11.12-ci il tarixli, 1\/371 [&hellip;]<\/p>\n","protected":false},"author":4,"featured_media":0,"parent":0,"menu_order":0,"comment_status":"closed","ping_status":"closed","template":"","meta":{"footnotes":""},"categories":[],"tags":[],"class_list":["post-11830","page","type-page","status-publish","hentry"],"_links":{"self":[{"href":"http:\/\/xdf.gdu.edu.az\/index.php?rest_route=\/wp\/v2\/pages\/11830","targetHints":{"allow":["GET"]}}],"collection":[{"href":"http:\/\/xdf.gdu.edu.az\/index.php?rest_route=\/wp\/v2\/pages"}],"about":[{"href":"http:\/\/xdf.gdu.edu.az\/index.php?rest_route=\/wp\/v2\/types\/page"}],"author":[{"embeddable":true,"href":"http:\/\/xdf.gdu.edu.az\/index.php?rest_route=\/wp\/v2\/users\/4"}],"replies":[{"embeddable":true,"href":"http:\/\/xdf.gdu.edu.az\/index.php?rest_route=%2Fwp%2Fv2%2Fcomments&post=11830"}],"version-history":[{"count":1,"href":"http:\/\/xdf.gdu.edu.az\/index.php?rest_route=\/wp\/v2\/pages\/11830\/revisions"}],"predecessor-version":[{"id":11832,"href":"http:\/\/xdf.gdu.edu.az\/index.php?rest_route=\/wp\/v2\/pages\/11830\/revisions\/11832"}],"wp:attachment":[{"href":"http:\/\/xdf.gdu.edu.az\/index.php?rest_route=%2Fwp%2Fv2%2Fmedia&parent=11830"}],"wp:term":[{"taxonomy":"category","embeddable":true,"href":"http:\/\/xdf.gdu.edu.az\/index.php?rest_route=%2Fwp%2Fv2%2Fcategories&post=11830"},{"taxonomy":"post_tag","embeddable":true,"href":"http:\/\/xdf.gdu.edu.az\/index.php?rest_route=%2Fwp%2Fv2%2Ftags&post=11830"}],"curies":[{"name":"wp","href":"https:\/\/api.w.org\/{rel}","templated":true}]}}