{"id":11801,"date":"2023-05-15T11:00:45","date_gmt":"2023-05-15T09:00:45","guid":{"rendered":"http:\/\/xdf.gdu.edu.az\/?page_id=11801"},"modified":"2023-05-15T11:00:45","modified_gmt":"2023-05-15T09:00:45","slug":"ayt%c9%99n-arif-qizi-r%c9%99himli","status":"publish","type":"page","link":"http:\/\/xdf.gdu.edu.az\/?page_id=11801","title":{"rendered":"Ayt\u0259n Arif q\u0131z\u0131 R\u0259himli"},"content":{"rendered":"\n<div class=\"wp-block-image\"><figure class=\"aligncenter size-large is-resized\"><img loading=\"lazy\" decoding=\"async\" src=\"http:\/\/xdf.gdu.edu.az\/wp-content\/uploads\/2023\/05\/m\u00fc\u0259l.R\u0259himli-Ayt\u0259n-Arif-q\u0131z\u0131.jpg\" alt=\"\" class=\"wp-image-11802\" width=\"233\" height=\"351\" srcset=\"http:\/\/xdf.gdu.edu.az\/wp-content\/uploads\/2023\/05\/m\u00fc\u0259l.R\u0259himli-Ayt\u0259n-Arif-q\u0131z\u0131.jpg 1148w, http:\/\/xdf.gdu.edu.az\/wp-content\/uploads\/2023\/05\/m\u00fc\u0259l.R\u0259himli-Ayt\u0259n-Arif-q\u0131z\u0131-768x1156.jpg 768w, http:\/\/xdf.gdu.edu.az\/wp-content\/uploads\/2023\/05\/m\u00fc\u0259l.R\u0259himli-Ayt\u0259n-Arif-q\u0131z\u0131-1020x1536.jpg 1020w\" sizes=\"auto, (max-width: 233px) 100vw, 233px\" \/><\/figure><\/div>\n\n\n\n<p><strong>Leksika v\u0259 \u00d6lk\u0259\u015f\u00fcnasl\u0131q kafedras\u0131n\u0131n m\u00fc\u0259llimi<\/strong><\/p>\n\n\n\n<p><strong>&nbsp;&nbsp;&nbsp;&nbsp;&nbsp;&nbsp;&nbsp;&nbsp;&nbsp; Ayt\u0259n\nArif q\u0131z\u0131 R\u0259himli<\/strong><\/p>\n\n\n\n<ul class=\"wp-block-list\"><li><strong>Telefon\n: 055 &#8211; 986- 28 \u2013 99<\/strong><\/li><li><strong>E-mail\n: <\/strong><a href=\"mailto:aytanrahimli1111@gmail.com\"><strong>aytanrahimli1111<\/strong><strong>@gmail.com<\/strong><\/a><strong><\/strong><\/li><\/ul>\n\n\n\n<p><strong>Q<\/strong><strong>ISA B\u0130OQRAF\u0130K M\u018fLUMAT<\/strong><\/p>\n\n\n\n<ul class=\"wp-block-list\"><li>14\niyun 1994-c\u00fc il G\u00f6yg\u00f6l rayonunda anadan olmu\u015fdur. Subayd\u0131r, bir \u00f6vlad\u0131 var.<\/li><\/ul>\n\n\n\n<p><strong>T\u018fHS\u0130L\u0130, ELM\u0130 D\u018fR\u018fC\u018fS\u0130, ELM\u0130 ADLARI<\/strong><\/p>\n\n\n\n<ul class=\"wp-block-list\"><li>2010-cu\nild\u0259 G\u00f6yg\u00f6l rayon S.Vur\u011fun ad\u0131na 3 sayl\u0131 orta m\u0259kt\u0259bi bitirmi\u015fdir.<\/li><li>2010-2014-c\u00fc\nill\u0259rd\u0259 G\u0259nc\u0259 D\u00f6vl\u0259t Universitetinin Xarici Dill\u0259r Fak\u00fclt\u0259sinin \u0130ngilis dili m\u00fc\u0259llimliyi\nixtisas\u0131nda t\u0259hsil alm\u0131\u015fd\u0131r.<\/li><li>2016-c\u0131\nild\u0259 ixtisas\u0131 \u00fczr\u0259 \u0259n y\u00fcks\u0259k bal\u0131 toplayaraq G\u0259nc\u0259 D\u00f6vl\u0259t Universitetinin\nMagistratura \u015f\u00f6b\u0259sinin Dil\u015f\u00fcnasl\u0131q (xarici dil- ingilis) ixtisas\u0131na q\u0259bul\nolmu\u015fdur. 2018-ci ild\u0259 magistratura pill\u0259sini f\u0259rql\u0259nm\u0259 il\u0259 bitirmi\u015fdir.<\/li><\/ul>\n\n\n\n<p><strong>\u018fM\u018fK F\u018fAL\u0130YY\u018fT\u0130<\/strong><\/p>\n\n\n\n<ul class=\"wp-block-list\"><li>2016-2018\n-ci ill\u0259r G\u00f6yg\u00f6l T\u0259hsil M\u0259rk\u0259zind\u0259 m\u00fc\u0259llim<\/li><li>2019-2020\nt\u0259dris ilind\u0259 K\u0259lb\u0259c\u0259r rayon 85 n\u00f6mr\u0259li m\u0259kt\u0259bd\u0259 m\u00fc\u0259llim<\/li><li>2020-ci\nild\u0259n G\u0259nc\u0259 D\u00f6vl\u0259t Universitetinin Leksika v\u0259 \u00d6lk\u0259\u015f\u00fcnasl\u0131q kafedras\u0131nda m\u00fc\u0259llim<\/li><li>2015-ci\nild\u0259n etibar\u0259n repetitor m\u00fc\u0259llim<\/li><\/ul>\n\n\n\n<p><strong>T\u018fLT\u0130FL\u018fR\u0130<\/strong><\/p>\n\n\n\n<p>02.03.2023-c\u00fc\nil tarixli 2\/31 sayl\u0131 \u0259mr\u0259 \u0259sas\u0259n 8 Mart Beyn\u0259lxalq Qad\u0131nlar g\u00fcn\u00fc m\u00fcnasib\u0259til\u0259\n\u201cF\u0259xri F\u0259rman\u201dla t\u0259ltif edilmi\u015fdir.<\/p>\n\n\n\n<p><strong>BEYN\u018fLXALQ\nSEM\u0130NAR, S\u0130MPOZ\u0130UM V\u018f KONFRANSLARDA \u0130\u015eT\u0130RAKI<\/strong><\/p>\n\n\n\n<ul class=\"wp-block-list\"><li>English\nfor Academic Purposes Methodology : Professional Development Course Series\nCertificate of Participation (2021)<\/li><li>XXV\n\u0130nternational Scientific Symposium : Civilizational Bridges Between People and Cultures of Azerbaijan and Ukraine\n(2022)<\/li><\/ul>\n\n\n\n<p><strong>SE\u00c7\u0130LM\u0130\u015e\n\u018fS\u018fRL\u018fR\u0130<\/strong><\/p>\n\n\n\n<ul class=\"wp-block-list\"><li>Machine\nTranslation (PIRETC. Estonia 2021)<\/li><li>Advantages\nof usage of idioms in English (Elmi x\u0259b\u0259rl\u0259r.G\u0259nc\u0259 2022)<\/li><li>Lexical\nsemantics (Elmi x\u0259b\u0259rl\u0259r. G\u0259nc\u0259 2023)<\/li><li>Methods\nand Procedures of Lexicological Analysis (Elmi x\u0259b\u0259rl\u0259r. G\u0259nc\u0259 2023)<\/li><\/ul>\n\n\n\n<p><strong>D\u0130L B\u0130LG\u0130S\u0130<\/strong><\/p>\n\n\n\n<p>\u0130ngilis, rus dill\u0259ri<\/p>\n","protected":false},"excerpt":{"rendered":"<p>Leksika v\u0259 \u00d6lk\u0259\u015f\u00fcnasl\u0131q kafedras\u0131n\u0131n m\u00fc\u0259llimi &nbsp;&nbsp;&nbsp;&nbsp;&nbsp;&nbsp;&nbsp;&nbsp;&nbsp; Ayt\u0259n Arif q\u0131z\u0131 R\u0259himli Telefon : 055 &#8211; 986- 28 \u2013 99 E-mail : aytanrahimli1111@gmail.com QISA B\u0130OQRAF\u0130K M\u018fLUMAT 14 iyun 1994-c\u00fc il G\u00f6yg\u00f6l rayonunda anadan olmu\u015fdur. Subayd\u0131r, bir \u00f6vlad\u0131 var. T\u018fHS\u0130L\u0130, ELM\u0130 D\u018fR\u018fC\u018fS\u0130, ELM\u0130 ADLARI 2010-cu ild\u0259 G\u00f6yg\u00f6l rayon S.Vur\u011fun ad\u0131na 3 sayl\u0131 orta m\u0259kt\u0259bi bitirmi\u015fdir. 2010-2014-c\u00fc ill\u0259rd\u0259 G\u0259nc\u0259 [&hellip;]<\/p>\n","protected":false},"author":4,"featured_media":0,"parent":0,"menu_order":0,"comment_status":"closed","ping_status":"closed","template":"","meta":{"footnotes":""},"categories":[],"tags":[],"class_list":["post-11801","page","type-page","status-publish","hentry"],"_links":{"self":[{"href":"http:\/\/xdf.gdu.edu.az\/index.php?rest_route=\/wp\/v2\/pages\/11801","targetHints":{"allow":["GET"]}}],"collection":[{"href":"http:\/\/xdf.gdu.edu.az\/index.php?rest_route=\/wp\/v2\/pages"}],"about":[{"href":"http:\/\/xdf.gdu.edu.az\/index.php?rest_route=\/wp\/v2\/types\/page"}],"author":[{"embeddable":true,"href":"http:\/\/xdf.gdu.edu.az\/index.php?rest_route=\/wp\/v2\/users\/4"}],"replies":[{"embeddable":true,"href":"http:\/\/xdf.gdu.edu.az\/index.php?rest_route=%2Fwp%2Fv2%2Fcomments&post=11801"}],"version-history":[{"count":1,"href":"http:\/\/xdf.gdu.edu.az\/index.php?rest_route=\/wp\/v2\/pages\/11801\/revisions"}],"predecessor-version":[{"id":11803,"href":"http:\/\/xdf.gdu.edu.az\/index.php?rest_route=\/wp\/v2\/pages\/11801\/revisions\/11803"}],"wp:attachment":[{"href":"http:\/\/xdf.gdu.edu.az\/index.php?rest_route=%2Fwp%2Fv2%2Fmedia&parent=11801"}],"wp:term":[{"taxonomy":"category","embeddable":true,"href":"http:\/\/xdf.gdu.edu.az\/index.php?rest_route=%2Fwp%2Fv2%2Fcategories&post=11801"},{"taxonomy":"post_tag","embeddable":true,"href":"http:\/\/xdf.gdu.edu.az\/index.php?rest_route=%2Fwp%2Fv2%2Ftags&post=11801"}],"curies":[{"name":"wp","href":"https:\/\/api.w.org\/{rel}","templated":true}]}}