{"id":1143,"date":"2016-05-20T11:56:35","date_gmt":"2016-05-20T09:56:35","guid":{"rendered":"http:\/\/xd.gdu.edu.az\/?page_id=1143"},"modified":"2023-05-23T09:23:36","modified_gmt":"2023-05-23T07:23:36","slug":"%c9%99sg%c9%99rov-%c9%99jd%c9%99r-%c9%99sg%c9%99r-oglu","status":"publish","type":"page","link":"http:\/\/xdf.gdu.edu.az\/?page_id=1143","title":{"rendered":"\u018fsg\u0259rov \u018fjd\u0259r \u018fsg\u0259r o\u011flu"},"content":{"rendered":"\n<div class=\"wp-block-image\"><figure class=\"aligncenter size-large is-resized\"><img loading=\"lazy\" decoding=\"async\" src=\"http:\/\/xdf.gdu.edu.az\/wp-content\/uploads\/2023\/05\/IMG_1605.jpg\" alt=\"\" class=\"wp-image-12136\" width=\"185\" height=\"259\" srcset=\"http:\/\/xdf.gdu.edu.az\/wp-content\/uploads\/2023\/05\/IMG_1605.jpg 1160w, http:\/\/xdf.gdu.edu.az\/wp-content\/uploads\/2023\/05\/IMG_1605-768x1075.jpg 768w, http:\/\/xdf.gdu.edu.az\/wp-content\/uploads\/2023\/05\/IMG_1605-1097x1536.jpg 1097w\" sizes=\"auto, (max-width: 185px) 100vw, 185px\" \/><\/figure><\/div>\n\n\n\n\n\n<p><strong>Ad\u0131, soyad\u0131,atas\u0131n\u0131n ad\u0131: <\/strong>-\u018fsg\u0259rov \u018fjd\u0259r \u018fsg\u0259r o\u011flu<\/p>\n\n\n\n<p><strong>V\u0259zif\u0259si:&nbsp;<\/strong>Dekan<\/p>\n\n\n\n<p><strong>Telefon:<\/strong>&nbsp;(050)326-16-67<\/p>\n\n\n\n<p><strong>E-mail:&nbsp;<\/strong><a href=\"mailto:gsu.ffl_info@yahoo.com\">gsu.ffl_info@yahoo.com<\/a> ; askerov.ajdar@mail.ru<\/p>\n\n\n\n<p><strong>Q\u0131sa bioqrafik m\u0259lumat:<\/strong><\/p>\n\n\n\n<ul class=\"wp-block-list\"><li>1952-ci ilin 1\ndekabr\u0131nda Goranboy rayonunun Goranl\u0131 k\u0259ndind\u0259 anadan olmu\u015fdur.<\/li><\/ul>\n\n\n\n<ul class=\"wp-block-list\"><li>1959-1969-cu ill\u0259rd\u0259\norta m\u0259kt\u0259bd\u0259 oxumu\u015fdur.<\/li><\/ul>\n\n\n\n<ul class=\"wp-block-list\"><li>Ail\u0259lidir, \u00fc\u00e7 \u00f6vlad\u0131 var.<\/li><\/ul>\n\n\n\n<p><strong>T\u0259hsili, elmi d\u0259r\u0259c\u0259si v\u0259 elmi adlar\u0131:<\/strong><\/p>\n\n\n\n<p><strong>\u2022&nbsp;&nbsp;&nbsp;&nbsp;&nbsp;<\/strong>1977- 1982-ci ill\u0259rd\u0259&nbsp;Bak\u0131&nbsp;\nSlavyan Universitetinin Rus dili v\u0259 \u0259d\u0259biyyat\u0131 ixtisas\u0131n\u0131\nbitirmi\u015fdir.&nbsp; f.f.d, dosent<\/p>\n\n\n\n<p><strong>\u018fm\u0259k&nbsp; f\u0259aliyy\u0259ti:<\/strong><\/p>\n\n\n\n<p>\u2022&nbsp;&nbsp;&nbsp;&nbsp;&nbsp;1982-1986-c\u0131\nill\u0259rd\u0259 orta m\u0259kt\u0259bd\u0259 m\u00fc\u0259llim, 1986-c\u0131 ild\u0259n bu g\u00fcn\u0259 kimi G\u0259nc\u0259 D\u00f6vl\u0259t\nUniversitetind\u0259 i\u015fl\u0259yir.&nbsp;&nbsp; <\/p>\n\n\n\n<p><strong>T\u0259ltifl\u0259r: <\/strong>1970-ci il Yubiley\nmedal\u0131, 2018-ci ild\u0259 \u201cQabaqc\u0131l t\u0259hsil i\u015f\u00e7isi\u201d<\/p>\n\n\n\n<p><strong>Elmi \u0259s\u0259rl\u0259ri:<\/strong> <\/p>\n\n\n\n<ol class=\"wp-block-list\"><li>\u0421\u0442\u0440\u0443\u043a\u0442\u0443\u0440\u043d\u043e-\u0442\u0438\u043f\u043e\u043b\u043e\u0433\u0438\u0447\u0435\u0441\u043a\u0438\u0435\n\u043e\u0441\u043e\u0431\u0435\u043d\u043d\u043e\u0441\u0442\u0438 \u043c\u043d\u043e\u0433\u043e\u0437\u043d\u0430\u0447\u043d\u044b\u0445 \u043a\u0430\u0447\u0435\u0441\u0442\u0432\u0435\u043d\u043d\u044b\u0445 \u043f\u0440\u0438\u043b\u0430\u0433\u0430\u0442\u0435\u043b\u044c\u043d\u044b\u0445 , \u0411\u0430\u043a\u0443 2018.<\/li><li>\u0421\u0435\u043c\u0430\u043d\u0442\u0438\u0447\u0435\u0441\u043a\u0430\u044f \u0441\u0442\u0440\u0443\u043a\u0442\u0443\u0440\u0430 \u043a\u0430\u0447\u0435\u0441\u0442\u0432\u0435\u043d\u043d\u044b\u0445 \u043f\u0440\u0438\u043b\u0430\u0433\u0430\u0442\u0435\u043b\u044c\u043d\u044b\u0445&nbsp;\n\u0411\u0430\u043a\u0443-2008<strong><\/strong><\/li><li>\u041f\u043e\u0441\u043b\u043e\u0432\u0438\u0446\u044b \u0438 \u043f\u043e\u0433\u043e\u0432\u043e\u0440\u043a\u0438 \u0438 \u043e\u0431\u0443\u0447\u0435\u043d\u0438\u0438 \u0440\u0443\u0441\u0441\u043a\u043e\u0433\u043e \u044f\u0437\u044b\u043a\u0430<strong><\/strong><\/li><li>\u041e \u0441\u043f\u0435\u0446\u0438\u0444\u0438\u043a\u0438 \u043f\u0440\u0430\u043a\u0442\u0438\u0447\u0435\u0441\u043a\u0438\u0445 \u0437\u0430\u043d\u044f\u0442\u0438\u0439 \u043f\u043e \u0440\u0443\u0441\u0441\u043a\u043e\u043c\u0443 \u043a\u0443\u0440\u0441\u0443 \u0440\u0443\u0441\u0441\u043a\u043e\u0433\u043e\n\u044f\u0437\u044b\u043a\u0430 \u0411\u0430\u043a\u0443-2010<strong><\/strong><\/li><li>\u0421\u0431\u043e\u0440\u043d\u0438\u043a \u0442\u0435\u043a\u0441\u0442\u043e\u0432 \u0438 \u0443\u043f\u0440\u0430\u0436\u043d\u0435\u043d\u0438\u0439 \u043f\u043e \u043f\u0440\u0430\u043a\u0442\u0438\u0447\u0435\u0441\u043a\u043e\u043c\u0443 \u043a\u0443\u0440\u0441\u0443 \u0440\u0443\u0441\u0441\u043a\u043e\u0433\u043e\n\u044f\u0437\u044b\u043a\u0430 \u0411\u0430\u043a\u0443-2011<strong><\/strong><\/li><li>\u0423\u0447\u0435\u0442 \u0440\u043e\u0434\u043d\u043e\u0433\u043e \u044f\u0437\u044b\u043a\u0430 \u0441\u0442\u0443\u0434\u0435\u043d\u0442\u043e\u0432 \u043f\u043e \u043b\u0435\u043a\u0441\u0438\u043a\u0435 \u0438 \u0433\u0440\u0430\u043c\u043c\u0430\u0442\u0438\u043a\u0435 \u043f\u0440\u0438\n\u0438\u0437\u0443\u0447\u0435\u043d\u0438\u0438 \u0440\u0443\u0441\u0441\u043a\u043e\u0433\u043e \u044f\u0437\u044b\u043a\u0430 \u0411\u0430\u043a\u0443-2014<strong><\/strong><\/li><li>\u0421\u0438\u0441\u0442\u0435\u043c\u0430\n\u043e\u0431\u0443\u0447\u0435\u043d\u0438\u044f \u0438\u043c\u0435\u043d \u043f\u0440\u0438\u043b\u0430\u0433\u0430\u0442\u0435\u043b\u044c\u043d\u044b\u0445 \u0432 \u0440\u0443\u0441\u0441\u043a\u043e\u043c \u0438 \u0430\u0437\u0435\u0440\u0431\u0430\u0439\u0434\u0436\u0430\u043d\u0441\u043a\u043e\u043c \u044f\u0437\u044b\u043a\u0435 \u0411\u0430\u043a\u0443-2020<\/li><li>\u041d\u043e\u0432\u043e\u0433\u043e\n\u0418\u0441\u0442\u043e\u0440\u0438\u044f \u0410\u043c\u0435\u0440\u0438\u043a\u0438 \u0438 \u0415\u0432\u0440\u043e\u043f\u044b (\u043f\u0435\u0440\u0435\u0432\u043e\u0434) \u0432 \u0434\u0432\u0443\u0445 \u0442\u043e\u043c\u0430\u0445 2022 \u0433.<\/li><\/ol>\n\n\n\n<p><strong>Beyn\u0259lxalq v\u0259 respublika simpozium v\u0259 konfranslarda\ni\u015ftirak\u0131:<\/strong><\/p>\n\n\n\n<p>25-d\u0259n cox<\/p>\n\n\n\n<p><strong>Dil bilgisi: <\/strong>rus,ingilis v\u0259 t\u00fcrk dili<\/p>\n\n\n\n<p><strong>Partiyal\u0131l\u0131\u011f\u0131: <\/strong>YAP<\/p>\n","protected":false},"excerpt":{"rendered":"<p>Ad\u0131, soyad\u0131,atas\u0131n\u0131n ad\u0131: -\u018fsg\u0259rov \u018fjd\u0259r \u018fsg\u0259r o\u011flu V\u0259zif\u0259si:&nbsp;Dekan Telefon:&nbsp;(050)326-16-67 E-mail:&nbsp;gsu.ffl_info@yahoo.com ; askerov.ajdar@mail.ru Q\u0131sa bioqrafik m\u0259lumat: 1952-ci ilin 1 dekabr\u0131nda Goranboy rayonunun Goranl\u0131 k\u0259ndind\u0259 anadan olmu\u015fdur. 1959-1969-cu ill\u0259rd\u0259 orta m\u0259kt\u0259bd\u0259 oxumu\u015fdur. Ail\u0259lidir, \u00fc\u00e7 \u00f6vlad\u0131 var. T\u0259hsili, elmi d\u0259r\u0259c\u0259si v\u0259 elmi adlar\u0131: \u2022&nbsp;&nbsp;&nbsp;&nbsp;&nbsp;1977- 1982-ci ill\u0259rd\u0259&nbsp;Bak\u0131&nbsp; Slavyan Universitetinin Rus dili v\u0259 \u0259d\u0259biyyat\u0131 ixtisas\u0131n\u0131 bitirmi\u015fdir.&nbsp; f.f.d, dosent \u018fm\u0259k&nbsp; f\u0259aliyy\u0259ti: [&hellip;]<\/p>\n","protected":false},"author":4,"featured_media":0,"parent":0,"menu_order":0,"comment_status":"closed","ping_status":"closed","template":"","meta":{"footnotes":""},"categories":[],"tags":[],"class_list":["post-1143","page","type-page","status-publish","hentry"],"_links":{"self":[{"href":"http:\/\/xdf.gdu.edu.az\/index.php?rest_route=\/wp\/v2\/pages\/1143","targetHints":{"allow":["GET"]}}],"collection":[{"href":"http:\/\/xdf.gdu.edu.az\/index.php?rest_route=\/wp\/v2\/pages"}],"about":[{"href":"http:\/\/xdf.gdu.edu.az\/index.php?rest_route=\/wp\/v2\/types\/page"}],"author":[{"embeddable":true,"href":"http:\/\/xdf.gdu.edu.az\/index.php?rest_route=\/wp\/v2\/users\/4"}],"replies":[{"embeddable":true,"href":"http:\/\/xdf.gdu.edu.az\/index.php?rest_route=%2Fwp%2Fv2%2Fcomments&post=1143"}],"version-history":[{"count":7,"href":"http:\/\/xdf.gdu.edu.az\/index.php?rest_route=\/wp\/v2\/pages\/1143\/revisions"}],"predecessor-version":[{"id":12144,"href":"http:\/\/xdf.gdu.edu.az\/index.php?rest_route=\/wp\/v2\/pages\/1143\/revisions\/12144"}],"wp:attachment":[{"href":"http:\/\/xdf.gdu.edu.az\/index.php?rest_route=%2Fwp%2Fv2%2Fmedia&parent=1143"}],"wp:term":[{"taxonomy":"category","embeddable":true,"href":"http:\/\/xdf.gdu.edu.az\/index.php?rest_route=%2Fwp%2Fv2%2Fcategories&post=1143"},{"taxonomy":"post_tag","embeddable":true,"href":"http:\/\/xdf.gdu.edu.az\/index.php?rest_route=%2Fwp%2Fv2%2Ftags&post=1143"}],"curies":[{"name":"wp","href":"https:\/\/api.w.org\/{rel}","templated":true}]}}