{"id":10763,"date":"2023-02-23T08:24:54","date_gmt":"2023-02-23T06:24:54","guid":{"rendered":"http:\/\/xdf.gdu.edu.az\/?page_id=10763"},"modified":"2023-05-22T08:51:35","modified_gmt":"2023-05-22T06:51:35","slug":"salahova-yegan%c9%99-h%c9%99s%c9%99n-qizi","status":"publish","type":"page","link":"http:\/\/xdf.gdu.edu.az\/?page_id=10763","title":{"rendered":"Salahova Yegan\u0259 H\u0259s\u0259n q\u0131z\u0131"},"content":{"rendered":"\n<div class=\"wp-block-image\"><figure class=\"aligncenter size-large is-resized\"><img loading=\"lazy\" decoding=\"async\" src=\"http:\/\/xdf.gdu.edu.az\/wp-content\/uploads\/2023\/05\/yegan\u0259.jpg\" alt=\"\" class=\"wp-image-12033\" width=\"236\" height=\"323\"\/><\/figure><\/div>\n\n\n\n<p><strong>Salahova Yegan\u0259 H\u0259s\u0259n q\u0131z\u0131 \u2013 m\u00fc\u0259llim<\/strong><\/p>\n\n\n\n<p>G\u0259nc\u0259 D\u00f6vl\u0259t Universitetinin \u201cPraktik Xarici Dill\u0259r\u201d\nkafedras\u0131n\u0131n m\u00fc\u0259llimi<\/p>\n\n\n\n<p><strong>QISA B\u0130OQRAF\u0130K\nM\u018fLUMAT<\/strong><\/p>\n\n\n\n<ul class=\"wp-block-list\"><li>1983-c\u00fc\nil 23 fevral tarixd\u0259 G\u0259nc\u0259 \u015f\u0259h\u0259rind\u0259 anadan olmu\u015fdur.<\/li><li>1986\n\u20131999 -ci ill\u0259rd\u0259 G\u0259nc\u0259 \u015f\u0259h\u0259ri 2 sayl\u0131 orta m\u0259kt\u0259bd\u0259 t\u0259hsil alm\u0131\u015f v\u0259 h\u0259min m\u0259kt\u0259bi\nbitirmi\u015fdir.<\/li><\/ul>\n\n\n\n<p><strong>T\u018fHS\u0130L\u0130, ELM\u0130\nD\u018fR\u018fC\u018fS\u0130 V\u018f ELM\u0130 ADI<\/strong><\/p>\n\n\n\n<ul class=\"wp-block-list\"><li>1999 \u2013 2003-c\u00fc ill\u0259rd\u0259\nG\u0259nc\u0259 \u015f\u0259h\u0259ri \u201cG\u0259nc\u0259 D\u00f6vl\u0259t Universiteti\u201dnin Filalogiya fak\u00fclt\u0259sinin \u201c\u0130ngilis\ndili m\u00fc\u0259llimliyi\u201d ixtisas\u0131&nbsp; \u00fczr\u0259\nbakalav\u0131r&nbsp; d\u0259r\u0259c\u0259sini f\u0259rql\u0259nm\u0259 diplomu\nil\u0259 bitirmi\u015fdir.<\/li><li>2014 \u2013 2017-c\u00fc ill\u0259rd\u0259\nBak\u0131 \u015f\u0259h\u0259ri \u201cAz\u0259rbaycan Pedaqoji Universiteti\u201dnin Pedaqogika \u201c\u0130btidai sinifd\u0259 t\u0259drisin\nmetodika v\u0259 metodologiyas\u0131\u201d ixtisas\u0131&nbsp; \u00fczr\u0259&nbsp; magistr d\u0259r\u0259c\u0259sini bitirmi\u015fdir.<\/li><li>G\u0259nc\u0259 D\u00f6vl\u0259t\nUniversitetinin 22.01.2019-cu il tarixli 3\/40 sayl\u0131 \u0259mril\u0259 F\u0259ls\u0259f\u0259 doktoru\nProqram\u0131 \u0259sas\u0131nda Dil n\u0259z\u0259riyy\u0259si\u2013 5704.01 ixtisas\u0131 \u00fczr\u0259 Universitetin Az\u0259rbaycan\ndili kafedras\u0131na doktorant q\u0259bul olunmu\u015fdur. <\/li><\/ul>\n\n\n\n<p><strong>\u018fM\u018fK&nbsp; F\u018fAL\u0130YY\u018fT\u0130<\/strong><\/p>\n\n\n\n<ul class=\"wp-block-list\"><li>2010-2014-c\u00fc ill\u0259rd\u0259 Az\u0259rbaycan\nM\u00fc\u0259lliml\u0259r \u0130nstitutunda ingilis dili m\u00fc\u0259llimi <\/li><li>2017-2021-ci ill\u0259rd\u0259 G\u0259nc\u0259\nD\u00f6vl\u0259t Universitetind\u0259 \u0130nnovasiyalar departamentind\u0259 m\u00fct\u0259x\u0259ssis<\/li><li>2021-ci ild\u0259n G\u0259nc\u0259\nD\u00f6vl\u0259t Universitetind\u0259 Praktik Xarici Dill\u0259r kafedras\u0131nda<\/li><\/ul>\n\n\n\n<p>Ingilis dili m\u00fc\u0259llimi v\u0259zif\u0259sind\u0259\n\u00e7al\u0131\u015f\u0131r<\/p>\n\n\n\n<p><strong>T\u018fDQ\u0130QAT\nSAH\u018fS\u0130<\/strong><\/p>\n\n\n\n<p>\u201c Poeziyada dialektizml\u0259rin\nlingvokulturoloji x\u00fcsusiyy\u0259tl\u0259ri \u201d<\/p>\n\n\n\n<p><strong>SE\u00c7\u0130LM\u0130\u015e\n\u018fS\u018fRL\u018fR\u0130<\/strong><\/p>\n\n\n\n<p>1.\u015eeir dilind\u0259 sinonim dialektzml\u0259rin lingvistik t\u0259hlili.\nADPU. L\u0130ngvistika probleml\u0259ri.\nCild1, s\u0259h.233-242, \u21162, 2020<\/p>\n\n\n\n<p>2. Poeziyada ismi dialektizml\u0259rin linqvistik t\u0259hlili. <a>ADPU. Linqvistika probleml\u0259ri Cild1, s\u0259h.151-159, \u21162, 2020<\/a><\/p>\n\n\n\n<p>3.Poeziyada yem\u0259k adlar\u0131ndan ibar\u0259t olan dialektizml\u0259rin\nlinqvokulturoloji x\u00fcsusiyy\u0259tl\u0259ri. ADPU. Linqvistika probleml\u0259ri Cild1, s\u0259h.109-116,\u21163,\n2020<\/p>\n\n\n\n<p>4.Poeziyada \u0259d\u0259bi t\u0259l\u0259ff\u00fcz\u00fcn \u015eiv\u0259 transkripsiyas\u0131n\u0131n\nlinqvistik t\u0259hlili. GDU, Elmi x\u0259b\u0259rl\u0259r. s\u0259h. 296, 2021<\/p>\n\n\n\n<p>5.Nizami G\u0259nc\u0259vi \u0259d\u0259bi m\u0259kt\u0259binin davam\u00e7\u0131s\u0131 S\u0259m\u0259d\nVur\u011funun \u201c F\u0259rhad v\u0259 \u015eirin\u201d m\u0259zum dram\u0131n\u0131n dilind\u0259 dialektizml\u0259rin linqvopoetik\n\u00f6z\u0259llikl\u0259ri GDU,Elmi x\u0259b\u0259rl\u0259r 2021<\/p>\n\n\n\n<p>6.Poeziyada at\u00e7\u0131l\u0131q v\u0259 d\u0259v\u0259\u00e7ilik t\u0259s\u0259r\u00fcfat\u0131 il\u0259 ba\u011fl\u0131\ndialektizml\u0259rin x\u00fcsusiyy\u0259tl\u0259ri. ADPU. Linqvistika\nprobleml\u0259ri Cild 2, s\u0259h.154-162,\u21162, 2021<\/p>\n\n\n\n<p>7.H\u0259s\u0259n\nMirz\u0259nin yarad\u0131c\u0131l\u0131\u011f\u0131nda v\u0259 alim- \u015fair\u0259 h\u0259sr olunmu\u015f \u015feirl\u0259rd\u0259 dialektizml\u0259rin\nlinqvokulturoloji x\u00fcsusiyy\u0259tl\u0259ri ADPU. Linqvistika probleml\u0259ri. Cild 2, s\u0259h.201-208 \u21164, 2021<\/p>\n\n\n\n<p>8.Poeziyada frazeoloji dialektizml\u0259rin\nlinqvokulturoloji x\u00fcsusiyy\u0259tl\u0259ri. The XXI International Scientific Symposium\n\u201cScience and Culture in the Modern World\u201dStockholm \/Sweden December 26, 2021 <\/p>\n\n\n\n<p>9. Poeziyada omonim\ndialektizml\u0259r m\u0259na &#8211; ifad\u0259 ah\u0259ngdarl\u0131\u011f\u0131 yaradan linqvokultural vahidl\u0259r. ADPU.\nLinqvistika probleml\u0259ri. Cild 3, s\u0259h.281-289 \u2116 1, 2022<\/p>\n\n\n\n<p>10.\nM\u0259i\u015f\u0259t \u0259\u015fyalar\u0131n\u0131n, araba, d\u0259yirman hiss\u0259l\u0259rinin adlar\u0131n\u0131 bildir\u0259n\ndialektizml\u0259rin konseptual \u0259lam\u0259tl\u0259ri. ADPU. Linqvistika probleml\u0259ri Cild 3, s\u0259h. 257-265 \u2116 2, 2022<\/p>\n\n\n\n<p>11. Alim-\u015fair H\u0259s\u0259n Mirz\u0259y\u0259 h\u0259sr olunmu\u015f \u015feir m\u0259tnl\u0259rind\u0259 dialektizml\u0259rin\nlinqvokulturoloji x\u00fcsusiyy\u0259tl\u0259ri ADPU. Linqvistika probleml\u0259ri. Cild 3, s\u0259h. 184-192\n\u2116 5, 2022<\/p>\n\n\n\n<p>&nbsp;&nbsp;&nbsp;&nbsp; 26 dekabr 2022-ci il 5704.01-&nbsp; \u201cDil n\u0259z\u0259riyy\u0259si\u201d f\u0259ls\u0259f\u0259 doktoru proqram\u0131\n\u00fczr\u0259&nbsp; ixtisas f\u0259nnind\u0259n imtahan vermi\u015f v\u0259\n5 (\u0259la) qiym\u0259t alm\u0131\u015fam.<\/p>\n","protected":false},"excerpt":{"rendered":"<p>Salahova Yegan\u0259 H\u0259s\u0259n q\u0131z\u0131 \u2013 m\u00fc\u0259llim G\u0259nc\u0259 D\u00f6vl\u0259t Universitetinin \u201cPraktik Xarici Dill\u0259r\u201d kafedras\u0131n\u0131n m\u00fc\u0259llimi QISA B\u0130OQRAF\u0130K M\u018fLUMAT 1983-c\u00fc il 23 fevral tarixd\u0259 G\u0259nc\u0259 \u015f\u0259h\u0259rind\u0259 anadan olmu\u015fdur. 1986 \u20131999 -ci ill\u0259rd\u0259 G\u0259nc\u0259 \u015f\u0259h\u0259ri 2 sayl\u0131 orta m\u0259kt\u0259bd\u0259 t\u0259hsil alm\u0131\u015f v\u0259 h\u0259min m\u0259kt\u0259bi bitirmi\u015fdir. T\u018fHS\u0130L\u0130, ELM\u0130 D\u018fR\u018fC\u018fS\u0130 V\u018f ELM\u0130 ADI 1999 \u2013 2003-c\u00fc ill\u0259rd\u0259 G\u0259nc\u0259 \u015f\u0259h\u0259ri \u201cG\u0259nc\u0259 [&hellip;]<\/p>\n","protected":false},"author":4,"featured_media":0,"parent":0,"menu_order":0,"comment_status":"closed","ping_status":"closed","template":"","meta":{"footnotes":""},"categories":[],"tags":[],"class_list":["post-10763","page","type-page","status-publish","hentry"],"_links":{"self":[{"href":"http:\/\/xdf.gdu.edu.az\/index.php?rest_route=\/wp\/v2\/pages\/10763","targetHints":{"allow":["GET"]}}],"collection":[{"href":"http:\/\/xdf.gdu.edu.az\/index.php?rest_route=\/wp\/v2\/pages"}],"about":[{"href":"http:\/\/xdf.gdu.edu.az\/index.php?rest_route=\/wp\/v2\/types\/page"}],"author":[{"embeddable":true,"href":"http:\/\/xdf.gdu.edu.az\/index.php?rest_route=\/wp\/v2\/users\/4"}],"replies":[{"embeddable":true,"href":"http:\/\/xdf.gdu.edu.az\/index.php?rest_route=%2Fwp%2Fv2%2Fcomments&post=10763"}],"version-history":[{"count":2,"href":"http:\/\/xdf.gdu.edu.az\/index.php?rest_route=\/wp\/v2\/pages\/10763\/revisions"}],"predecessor-version":[{"id":12079,"href":"http:\/\/xdf.gdu.edu.az\/index.php?rest_route=\/wp\/v2\/pages\/10763\/revisions\/12079"}],"wp:attachment":[{"href":"http:\/\/xdf.gdu.edu.az\/index.php?rest_route=%2Fwp%2Fv2%2Fmedia&parent=10763"}],"wp:term":[{"taxonomy":"category","embeddable":true,"href":"http:\/\/xdf.gdu.edu.az\/index.php?rest_route=%2Fwp%2Fv2%2Fcategories&post=10763"},{"taxonomy":"post_tag","embeddable":true,"href":"http:\/\/xdf.gdu.edu.az\/index.php?rest_route=%2Fwp%2Fv2%2Ftags&post=10763"}],"curies":[{"name":"wp","href":"https:\/\/api.w.org\/{rel}","templated":true}]}}