{"id":10746,"date":"2023-02-23T07:30:26","date_gmt":"2023-02-23T05:30:26","guid":{"rendered":"http:\/\/xdf.gdu.edu.az\/?page_id=10746"},"modified":"2023-05-22T09:45:51","modified_gmt":"2023-05-22T07:45:51","slug":"hacih%c9%99s%c9%99nova-l%c9%99man-s%c9%99mil-qizi","status":"publish","type":"page","link":"http:\/\/xdf.gdu.edu.az\/?page_id=10746","title":{"rendered":"Hac\u0131h\u0259s\u0259nova L\u0259man \u015e\u0259mil q\u0131z\u0131"},"content":{"rendered":"\n<p><strong>Hac\u0131h\u0259s\u0259nova L\u0259man \u015e\u0259mil q.<\/strong><\/p>\n\n\n\n<p>Hac\u0131h\u0259s\u0259nova L\u0259man\n\u015e\u0259mil q\u0131z\u0131<\/p>\n\n\n\n<p>Praktik Xarici\nDill\u0259r kafedras\u0131n\u0131n m\u00fc\u0259llimi<\/p>\n\n\n\n<p><strong>Q\u0131sa bioqrafik m\u0259lumat<\/strong><\/p>\n\n\n\n<p>28 fevral 1994\nc\u00fc ild\u0259 G\u0259nc\u0259 \u015f\u0259h\u0259rind\u0259 anadan olmu\u015fdur<\/p>\n\n\n\n<p>1999-2010 \u2013cu\nill\u0259rd\u0259 27 n\u00f6mr\u0259li lisey \u2013 m\u0259kt\u0259bd\u0259 t\u0259hsil alm\u0131\u015f v\u0259 h\u0259min m\u0259kt\u0259bi bitirmi\u015fdir<\/p>\n\n\n\n<p>Ail\u0259lidir, iki\n\u00f6vlad\u0131 var.<\/p>\n\n\n\n<p><strong>T\u018fHS\u0130L\u0130, ELM\u0130 D\u018fR\u018fC\u018fS\u0130 V\u018f ELM\u0130 ADI<\/strong><\/p>\n\n\n\n<p>2010 &#8211; 2015ci ill\u0259rd\u0259\nAz\u0259rbaycan dill\u0259r Universitetinin \u201c\u0130ngilis dili m\u00fc\u0259llimliyi\u201d istiqam\u0259ti \u00fczr\u0259\nbakalavr d\u0259r\u0259c\u0259sini bitirmi\u015fdir.<\/p>\n\n\n\n<p>2017-2019 cu ill\u0259rd\u0259\nG\u0259nc\u0259 D\u00f6vl\u0259t Universitetinin \u201c\u0130ngilis dilinin t\u0259drisi metodikas\u0131 v\u0259\nmetodologiyas\u0131\u201d istiqam\u0259ti \u00fczr\u0259 magistr d\u0259r\u0259c\u0259sini f\u0259rql\u0259nm\u0259 diplomu il\u0259\nbitirmi\u015fdir.<\/p>\n\n\n\n<p>2022ci ild\u0259&nbsp; f\u0259ls\u0259f\u0259 doktoru proqram\u0131 \u0259sas\u0131nda G\u0259nc\u0259 D\u00f6vl\u0259t\nUniversitetinin&nbsp; \u201cAz\u0259rbaycan dili\u201d&nbsp; ixtisas\u0131 \u00fczr\u0259 dissertant q\u0259bul olmu\u015fdur.<\/p>\n\n\n\n<p><strong>\u018fm\u0259k f\u0259aliyy\u0259ti <\/strong><\/p>\n\n\n\n<p>2019cu ild\u0259n\nPraktik xarici dill\u0259r kafedras\u0131nda m\u00fc\u0259llim v\u0259zif\u0259sind\u0259 \u00e7al\u0131\u015f\u0131r.<\/p>\n\n\n\n<p><strong>Se\u00e7ilmi\u015f \u0259s\u0259rl\u0259ri <\/strong><\/p>\n\n\n\n<p>&nbsp;What is prose,examples,types and it\u2019s function\n\u2013 T\u0259l\u0259b\u0259 v\u0259 magistrlar\u0131n elmi konfrans\u0131n\u0131n materiallar\u0131.G\u0259nc\u0259 &#8211; 2018.<\/p>\n\n\n\n<p>&nbsp;The subtle art of translating artistic\nliterature \u2013 G\u0259nc aliml\u0259rin III beyn\u0259lxalq elmi konfrans\u0131 17 \u2013 18 oktyabr\n2018.G\u0259nc\u0259. <\/p>\n\n\n\n<p>Translating\nLiterary Prose:Problems and solutions &#8211; G\u0259nc aliml\u0259rin III beyn\u0259lxalq elmi\nkonfrans\u0131 17 \u2013 18 oktyabr 2018.G\u0259nc\u0259. <\/p>\n\n\n\n<p>&nbsp;Features translation of artistic text \u2013 T\u0259l\u0259b\u0259\nv\u0259 magistrlar\u0131n elmi konfrans\u0131n\u0131n materiallar\u0131 G\u0259nc\u0259 &#8211; 2019.<\/p>\n\n\n","protected":false},"excerpt":{"rendered":"<p>Hac\u0131h\u0259s\u0259nova L\u0259man \u015e\u0259mil q. Hac\u0131h\u0259s\u0259nova L\u0259man \u015e\u0259mil q\u0131z\u0131 Praktik Xarici Dill\u0259r kafedras\u0131n\u0131n m\u00fc\u0259llimi Q\u0131sa bioqrafik m\u0259lumat 28 fevral 1994 c\u00fc ild\u0259 G\u0259nc\u0259 \u015f\u0259h\u0259rind\u0259 anadan olmu\u015fdur 1999-2010 \u2013cu ill\u0259rd\u0259 27 n\u00f6mr\u0259li lisey \u2013 m\u0259kt\u0259bd\u0259 t\u0259hsil alm\u0131\u015f v\u0259 h\u0259min m\u0259kt\u0259bi bitirmi\u015fdir Ail\u0259lidir, iki \u00f6vlad\u0131 var. T\u018fHS\u0130L\u0130, ELM\u0130 D\u018fR\u018fC\u018fS\u0130 V\u018f ELM\u0130 ADI 2010 &#8211; 2015ci ill\u0259rd\u0259 Az\u0259rbaycan dill\u0259r [&hellip;]<\/p>\n","protected":false},"author":4,"featured_media":0,"parent":0,"menu_order":0,"comment_status":"closed","ping_status":"closed","template":"","meta":{"footnotes":""},"categories":[],"tags":[],"class_list":["post-10746","page","type-page","status-publish","hentry"],"_links":{"self":[{"href":"http:\/\/xdf.gdu.edu.az\/index.php?rest_route=\/wp\/v2\/pages\/10746","targetHints":{"allow":["GET"]}}],"collection":[{"href":"http:\/\/xdf.gdu.edu.az\/index.php?rest_route=\/wp\/v2\/pages"}],"about":[{"href":"http:\/\/xdf.gdu.edu.az\/index.php?rest_route=\/wp\/v2\/types\/page"}],"author":[{"embeddable":true,"href":"http:\/\/xdf.gdu.edu.az\/index.php?rest_route=\/wp\/v2\/users\/4"}],"replies":[{"embeddable":true,"href":"http:\/\/xdf.gdu.edu.az\/index.php?rest_route=%2Fwp%2Fv2%2Fcomments&post=10746"}],"version-history":[{"count":3,"href":"http:\/\/xdf.gdu.edu.az\/index.php?rest_route=\/wp\/v2\/pages\/10746\/revisions"}],"predecessor-version":[{"id":12087,"href":"http:\/\/xdf.gdu.edu.az\/index.php?rest_route=\/wp\/v2\/pages\/10746\/revisions\/12087"}],"wp:attachment":[{"href":"http:\/\/xdf.gdu.edu.az\/index.php?rest_route=%2Fwp%2Fv2%2Fmedia&parent=10746"}],"wp:term":[{"taxonomy":"category","embeddable":true,"href":"http:\/\/xdf.gdu.edu.az\/index.php?rest_route=%2Fwp%2Fv2%2Fcategories&post=10746"},{"taxonomy":"post_tag","embeddable":true,"href":"http:\/\/xdf.gdu.edu.az\/index.php?rest_route=%2Fwp%2Fv2%2Ftags&post=10746"}],"curies":[{"name":"wp","href":"https:\/\/api.w.org\/{rel}","templated":true}]}}